{"id":6604,"date":"2023-06-06T21:12:47","date_gmt":"2023-06-06T21:12:47","guid":{"rendered":"http:\/\/iesataulfoargenta.es\/wp\/?page_id=6604"},"modified":"2024-06-03T11:56:41","modified_gmt":"2024-06-03T11:56:41","slug":"inteligencia-artificial-y-bigdata","status":"publish","type":"page","link":"https:\/\/iesataulfoargenta.es\/wp\/inteligencia-artificial-y-bigdata\/","title":{"rendered":"INTELIGENCIA ARTIFICIAL Y BIGDATA"},"content":{"rendered":"<p><img data-recalc-dims=\"1\" loading=\"lazy\" decoding=\"async\" data-attachment-id=\"6605\" data-permalink=\"https:\/\/iesataulfoargenta.es\/wp\/inteligencia-artificial-y-bigdata\/foto6\/\" data-orig-file=\"https:\/\/i0.wp.com\/iesataulfoargenta.es\/wp\/wp-content\/uploads\/2023\/06\/foto6.jpg?fit=600%2C400&amp;ssl=1\" data-orig-size=\"600,400\" data-comments-opened=\"0\" data-image-meta=\"{&quot;aperture&quot;:&quot;0&quot;,&quot;credit&quot;:&quot;&quot;,&quot;camera&quot;:&quot;&quot;,&quot;caption&quot;:&quot;&quot;,&quot;created_timestamp&quot;:&quot;0&quot;,&quot;copyright&quot;:&quot;&quot;,&quot;focal_length&quot;:&quot;0&quot;,&quot;iso&quot;:&quot;0&quot;,&quot;shutter_speed&quot;:&quot;0&quot;,&quot;title&quot;:&quot;&quot;,&quot;orientation&quot;:&quot;0&quot;}\" data-image-title=\"foto6 ia\" data-image-description=\"&lt;p&gt;IA Y BIGDATA&lt;\/p&gt;\n\" data-image-caption=\"\" data-medium-file=\"https:\/\/i0.wp.com\/iesataulfoargenta.es\/wp\/wp-content\/uploads\/2023\/06\/foto6.jpg?fit=300%2C200&amp;ssl=1\" data-large-file=\"https:\/\/i0.wp.com\/iesataulfoargenta.es\/wp\/wp-content\/uploads\/2023\/06\/foto6.jpg?fit=600%2C400&amp;ssl=1\" class=\"aligncenter size-full wp-image-6605\" src=\"https:\/\/i0.wp.com\/iesataulfoargenta.es\/wp\/wp-content\/uploads\/2023\/06\/foto6.jpg?resize=600%2C400&#038;ssl=1\" alt=\"\" width=\"600\" height=\"400\" srcset=\"https:\/\/i0.wp.com\/iesataulfoargenta.es\/wp\/wp-content\/uploads\/2023\/06\/foto6.jpg?w=600&amp;ssl=1 600w, https:\/\/i0.wp.com\/iesataulfoargenta.es\/wp\/wp-content\/uploads\/2023\/06\/foto6.jpg?resize=300%2C200&amp;ssl=1 300w\" sizes=\"auto, (max-width: 600px) 100vw, 600px\" \/><\/p>\n<h3 style=\"text-align: center;\">\u00a1\u00a1 <a href=\"https:\/\/iesataulfoargenta.es\/wp\/2023\/06\/16\/%f0%9f%91%80%e2%9a%a0%ef%b8%8fimportante-curso-23-24-formacion-profesional\/\">FECHAS PARA LA SOLICITUD DE PLAZA para el curso 23-24 <\/a>!!<\/h3>\n<p>&nbsp;<\/p>\n<H6 class=\"collapseomatic \" id=\"id69dfdab387a17\"  tabindex=\"0\" title=\"\u00bfC\u00f3mo accedo?\"    ><strong>\u00bfC\u00f3mo accedo?<\/strong><\/H6><div id=\"target-id69dfdab387a17\" class=\"collapseomatic_content \">\n<p>Los t\u00edtulos que dan acceso a este curso de especializaci\u00f3n son los siguientes:<\/p>\n<ul>\n<li>T\u00e9cnico Superior en Administraci\u00f3n de Sistemas Inform\u00e1ticos en Red.<\/li>\n<li>T\u00e9cnico Superior en Desarrollo de Aplicaciones Multiplataforma.<\/li>\n<li>T\u00e9cnico Superior en Desarrollo de Aplicaciones Web.<\/li>\n<li>T\u00e9cnico Superior en Sistemas de Telecomunicaciones e Inform\u00e1ticos.<\/li>\n<li>T\u00edtulo de T\u00e9cnico Superior en Mecatr\u00f3nica Industrial.<\/li>\n<li>T\u00edtulo de T\u00e9cnico Superior en Automatizaci\u00f3n y Rob\u00f3tica Industrial.<\/li>\n<\/ul>\n<\/div>\n<p>&nbsp;<\/p>\n<H6 class=\"collapseomatic \" id=\"id69dfdab387bc8\"  tabindex=\"0\" title=\"Identificaci\u00f3n y duraci\u00f3n del Ciclo Formativo\"    ><strong>Identificaci\u00f3n y duraci\u00f3n del Ciclo Formativo<\/strong><\/H6><div id=\"target-id69dfdab387bc8\" class=\"collapseomatic_content \">\n<p>El curso de especializaci\u00f3n de Inteligencia Artificial y Big Data queda identificado para todo el territorio nacional por los siguientes elementos:<\/p>\n<ul>\n<li>Denominaci\u00f3n: Inteligencia Artificial y Big Data.<\/li>\n<li>Nivel: Formaci\u00f3n Profesional de Grado Superior.<\/li>\n<li>Duraci\u00f3n: 600 horas en un curso acad\u00e9mico.<\/li>\n<li>Familia Profesional: Inform\u00e1tica y Comunicaciones. (\u00danicamente a efectos de clasificaci\u00f3n de las ense\u00f1anzas de formaci\u00f3n profesional)<\/li>\n<li>Ramas de conocimiento: Ciencias. Ingenier\u00eda y Arquitectura.<\/li>\n<li>Equivalencia en cr\u00e9ditos ECTS: 36.<\/li>\n<li>Referente en la Clasificaci\u00f3n Internacional Normalizada de la Educaci\u00f3n: P-5.5.4.<\/li>\n<\/ul>\n<\/div>\n<p>&nbsp;<\/p>\n<H6 class=\"collapseomatic \" id=\"id69dfdab387c7c\"  tabindex=\"0\" title=\"\u00bfA qu\u00e9 me voy a dedicar profesionalmente con este t\u00edtulo?\"    ><strong>\u00bfA qu\u00e9 me voy a dedicar profesionalmente con este t\u00edtulo?<\/strong><\/H6><div id=\"target-id69dfdab387c7c\" class=\"collapseomatic_content \">\n<p>La competencia general de este curso de especializaci\u00f3n consiste en programar y aplicar sistemas inteligentes que optimizan la gesti\u00f3n de la informaci\u00f3n y la explotaci\u00f3n de datos masivos, garantizando el acceso a los datos de forma segura y cumpliendo los criterios de accesibilidad, usabilidad y calidad exigidas en los est\u00e1ndares establecidos, as\u00ed como los principios \u00e9ticos y legales.<\/p>\n<\/div>\n<p>&nbsp;<\/p>\n<H6 class=\"collapseomatic \" id=\"id69dfdab387d25\"  tabindex=\"0\" title=\"Competencias profesionales\"    ><strong>Competencias profesionales<\/strong><\/H6><div id=\"target-id69dfdab387d25\" class=\"collapseomatic_content \">\n<p style=\"padding-left: 40px;\">Las competencias profesionales, personales y sociales de este curso de especializaci\u00f3n son las que se relacionan a continuaci\u00f3n:<\/p>\n<p style=\"padding-left: 80px;\">a) Aplicar sistemas de Inteligencia Artificial para identificar nuevas formas de interacci\u00f3n en los negocios que mejoren la productividad.<\/p>\n<p style=\"padding-left: 80px;\">b) Desarrollar e implementar sistemas de Inteligencia Artificial que faciliten la toma de decisiones \u00e1giles dentro de un negocio gestionando y explotando datos masivos.<\/p>\n<p style=\"padding-left: 80px;\">c) Gestionar la transformaci\u00f3n digital necesaria en las organizaciones para la consecuci\u00f3n de la eficiencia empresarial mediante el tratamiento de datos.<\/p>\n<p style=\"padding-left: 80px;\">d) Aplicar Inteligencia Artificial en funcionalidades, procesos y sistemas de decisi\u00f3n empresariales.<\/p>\n<p style=\"padding-left: 80px;\">e) Gestionar los distintos tipos de Inteligencia Artificial para la consecuci\u00f3n de transformaci\u00f3n y cambio en las empresas.<\/p>\n<p style=\"padding-left: 80px;\">f) Administrar el desarrollo de procesos automatizados que permitan la mejora de la productividad de las empresas.<\/p>\n<p style=\"padding-left: 80px;\">g) Optimizar el desarrollo de procesos aut\u00f3nomos empleando herramientas de Inteligencia Artificial.<\/p>\n<p style=\"padding-left: 80px;\">h) Integrar sistemas de explotaci\u00f3n de grandes vol\u00famenes de datos aplicando soluciones de Big Data.<\/p>\n<p style=\"padding-left: 80px;\">i) Implantar las funcionalidades, procesos y sistemas de decisiones empresariales aplicando t\u00e9cnicas de Big Data en ellos.<\/p>\n<p style=\"padding-left: 80px;\">j) Ejecutar el sistema de explotaci\u00f3n de datos seg\u00fan las necesidades de uso y las condiciones de seguridad establecidas asegurando el cumplimiento de los principios legales y \u00e9ticos.<\/p>\n<p style=\"padding-left: 80px;\">k) Configurar las herramientas que se usan para construir soluciones Big Data y de Inteligencia Artificial.<\/p>\n<p style=\"padding-left: 80px;\">l) Gestionar de manera eficiente los datos, la informaci\u00f3n y su representaci\u00f3n para transformarlos en conocimiento.<\/p>\n<p style=\"padding-left: 80px;\">m) Cumplir la legislaci\u00f3n vigente que regula la normativa de los medios de comunicaci\u00f3n audiovisual y de la accesibilidad universal.<\/p>\n<p style=\"padding-left: 80px;\">n) Adaptarse a las nuevas situaciones laborales, manteniendo actualizados los conocimientos cient\u00edficos, t\u00e9cnicos y tecnol\u00f3gicos relativos a su entorno profesional, gestionando su formaci\u00f3n y los recursos existentes en el aprendizaje a lo largo de la vida y utilizando las tecnolog\u00edas de la informaci\u00f3n y la comunicaci\u00f3n.<\/p>\n<p style=\"padding-left: 80px;\">\u00f1) Resolver situaciones, problemas o contingencias con iniciativa y autonom\u00eda en el \u00e1mbito de su competencia, con creatividad, innovaci\u00f3n y esp\u00edritu de mejora en el trabajo personal y en el de los miembros del equipo.<\/p>\n<p style=\"padding-left: 80px;\">o) Organizar y coordinar equipos de trabajo con responsabilidad, supervisando el desarrollo del mismo, manteniendo relaciones fluidas y asumiendo el liderazgo, as\u00ed como aportando soluciones a los conflictos grupales que se presenten.<\/p>\n<p style=\"padding-left: 80px;\">p) Comunicarse con sus iguales, superiores, clientela y personas bajo su responsabilidad, utilizando v\u00edas eficaces de comunicaci\u00f3n, transmitiendo la informaci\u00f3n o conocimientos adecuados y respetando la autonom\u00eda y competencia de las personas que intervienen en el \u00e1mbito de su trabajo.<\/p>\n<p style=\"padding-left: 80px;\">q) Generar entornos seguros en el desarrollo de su trabajo y el de su equipo, supervisando y aplicando los procedimientos de prevenci\u00f3n de riesgos laborales y ambientales, de acuerdo con lo establecido por la normativa y los objetivos de la empresa.<\/p>\n<p style=\"padding-left: 80px;\">r) Supervisar y aplicar procedimientos de gesti\u00f3n de calidad, de accesibilidad universal y de \u00abdise\u00f1o para todas las personas\u00bb, en las actividades profesionales incluidas en los procesos de producci\u00f3n o prestaci\u00f3n de servicios.<\/p>\n<p style=\"padding-left: 80px;\">s) Ejercer sus derechos y cumplir con las obligaciones derivadas de su actividad profesional, de acuerdo con lo establecido en la legislaci\u00f3n vigente, participando activamente en la vida econ\u00f3mica, social y cultural.<\/p>\n<\/div>\n<H6 class=\"collapseomatic \" id=\"id69dfdab387db7\"  tabindex=\"0\" title=\"\u00bfDe qu\u00e9 voy a trabajar?\"    ><strong>\u00bfDe qu\u00e9 voy a trabajar?<\/strong><\/H6><div id=\"target-id69dfdab387db7\" class=\"collapseomatic_content \">\n<p>Las personas que hayan obtenido el certificado que acredita la superaci\u00f3n de este curso de especializaci\u00f3n podr\u00e1n ejercer su actividad en empresas, p\u00fablicas y privadas de todos los sectores productivos, tanto por cuenta ajena como propia, desempe\u00f1ando su trabajo en el \u00e1rea de programaci\u00f3n, infraestructura o consultor\u00eda.<\/p>\n<p>Las ocupaciones y puestos de trabajo m\u00e1s relevantes son los siguientes:<\/p>\n<ul>\n<li>Desarrollador de Inteligencia Artificial y Big Data.<\/li>\n<li>Programador de sistemas expertos.<\/li>\n<li>Experto en Inteligencia Artificial y Big Data.<\/li>\n<li>Analista de datos<\/li>\n<\/ul>\n<\/div>\n<p>&nbsp;<\/p>\n<H6 class=\"collapseomatic \" id=\"id69dfdab387edd\"  tabindex=\"0\" title=\"\u00bfQu\u00e9 voy a aprender?\"    ><strong>\u00bfQu\u00e9 voy a aprender?<\/strong><\/H6><div id=\"target-id69dfdab387edd\" class=\"collapseomatic_content \">\n<p>Los objetivos generales de este ciclo formativo son los siguientes:<\/p>\n<p style=\"padding-left: 40px;\">a) Caracterizar las interacciones en los negocios de las empresas y organizaciones para aplicar sistemas de Inteligencia artificial que incremente la productividad.<\/p>\n<p style=\"padding-left: 40px;\">b) Seleccionar datos relevantes de la empresa u organizaci\u00f3n para desarrollar e implementar soluciones que faciliten la toma de decisiones.<\/p>\n<p style=\"padding-left: 40px;\">c) Aplicar t\u00e9cnicas de tratamiento de datos para gestionar la transformaci\u00f3n digital en las organizaciones.<\/p>\n<p style=\"padding-left: 40px;\">d) Caracterizar sistemas de la Inteligencia Artificial para implantar funcionalidades, procesos y sistemas de decisiones.<\/p>\n<p style=\"padding-left: 40px;\">e) Interpretar planes de cambio y mejora de los procesos de las empresas y organizaciones para su gesti\u00f3n con Inteligencia artificial.<\/p>\n<p style=\"padding-left: 40px;\">f) Caracterizar procesos de mejora de la productividad de las empresas para administrar el desarrollo de procesos automatizados.<\/p>\n<p style=\"padding-left: 40px;\">g) Aplicar herramientas de inteligencia artificial para optimizar el desarrollo de los procesos aut\u00f3nomos.<\/p>\n<p style=\"padding-left: 40px;\">h) Utilizar soluciones de Big Data para integrar sistemas de explotaci\u00f3n de datos.<\/p>\n<p style=\"padding-left: 40px;\">i) Analizar y evaluar soluciones Big Data para su implantaci\u00f3n en las funcionalidades, procesos y sistemas de decisiones.<\/p>\n<p style=\"padding-left: 40px;\">j) Determinar la documentaci\u00f3n t\u00e9cnica y normativa vigente de los procedimientos de protecci\u00f3n de datos para ejecutar el sistema de explotaci\u00f3n de datos cumpliendo con los principios legales y \u00e9ticos.<\/p>\n<p style=\"padding-left: 40px;\">k) Determinar la soluci\u00f3n de Inteligencia Artificial y Big Data para configurar las herramientas y lenguajes espec\u00edficos.<\/p>\n<p style=\"padding-left: 40px;\">l) Aplicar t\u00e9cnicas Big Data para gestionar los datos de la organizaci\u00f3n y obtener conocimiento a partir de ellos.<\/p>\n<p style=\"padding-left: 40px;\">m) Analizar y utilizar los recursos y oportunidades de aprendizaje relacionados con la evoluci\u00f3n cient\u00edfica, tecnol\u00f3gica y organizativa del sector y las tecnolog\u00edas de la informaci\u00f3n y la comunicaci\u00f3n, para mantener el esp\u00edritu de actualizaci\u00f3n y adaptarse a nuevas situaciones laborales y personales.<\/p>\n<p style=\"padding-left: 40px;\">n) Desarrollar la creatividad y el esp\u00edritu de innovaci\u00f3n para responder a los retos que se presentan en los procesos y en la organizaci\u00f3n del trabajo y de la vida personal.<\/p>\n<p style=\"padding-left: 40px;\">\u00f1) Evaluar situaciones de prevenci\u00f3n de riesgos laborales y de protecci\u00f3n ambiental, proponiendo y aplicando medidas de prevenci\u00f3n personal y colectiva, de acuerdo con la normativa aplicable en los procesos de trabajo, para garantizar entornos seguros.<\/p>\n<p style=\"padding-left: 40px;\">o) Identificar y proponer las acciones profesionales necesarias, para dar respuesta a la accesibilidad universal, al \u00abdise\u00f1o para todas las personas\u00bb, as\u00ed como para evitar posibles sesgos de g\u00e9nero en el desarrollo y aplicaciones de Inteligencia Artificial y Big Data.<\/p>\n<p style=\"padding-left: 40px;\">p) Identificar y aplicar par\u00e1metros de calidad en los trabajos y actividades realizados en el proceso de aprendizaje, para valorar la cultura de la evaluaci\u00f3n y de la calidad y ser capaces de supervisar y mejorar procedimientos de gesti\u00f3n de calidad.<\/p>\n<\/div>\n<H6 class=\"collapseomatic \" id=\"id69dfdab387f8c\"  tabindex=\"0\" title=\"\u00bfQu\u00e9 m\u00f3dulos profesionales voy a estudiar?\"    ><strong>\u00bfQu\u00e9 m\u00f3dulos profesionales voy a estudiar?<\/strong><\/H6><div id=\"target-id69dfdab387f8c\" class=\"collapseomatic_content \">\n<p>Los m\u00f3dulos profesionales de este curso de especializaci\u00f3n son\u00a0 los siguientes:<\/p>\n<ul>\n<li>Modelos de Inteligencia Artificial.<\/li>\n<li>Sistemas de aprendizaje autom\u00e1tico.<\/li>\n<li>Programaci\u00f3n de Inteligencia Artificial.<\/li>\n<li>Sistemas de Big Data.<\/li>\n<li>Big Data aplicado.<\/li>\n<\/ul>\n<\/div>\n<p><a href=\"https:\/\/iesataulfoargenta.es\/wp\/wp-content\/uploads\/2024\/06\/2.Triptico-Curso-de-Especializacion-IA-y-Big-Data.pdf\" target=\"_blank\" rel=\"noopener\">Acceso a la descarga de tr\u00edptico<\/a><\/p>\n","protected":false},"excerpt":{"rendered":"<p>\u00a1\u00a1 FECHAS PARA LA SOLICITUD DE PLAZA para el curso 23-24 !! &nbsp; &nbsp; &nbsp; &nbsp; &nbsp; Acceso a la<\/p>\n","protected":false},"author":1,"featured_media":0,"parent":0,"menu_order":0,"comment_status":"closed","ping_status":"closed","template":"","meta":{"colormag_page_container_layout":"default_layout","colormag_page_sidebar_layout":"default_layout","_exactmetrics_skip_tracking":false,"_exactmetrics_sitenote_active":false,"_exactmetrics_sitenote_note":"","_exactmetrics_sitenote_category":0,"jetpack_post_was_ever_published":false,"footnotes":""},"class_list":["post-6604","page","type-page","status-publish","hentry"],"aioseo_notices":[],"jetpack_sharing_enabled":true,"jetpack_shortlink":"https:\/\/wp.me\/Pas6Wc-1Iw","jetpack-related-posts":[],"_links":{"self":[{"href":"https:\/\/iesataulfoargenta.es\/wp\/wp-json\/wp\/v2\/pages\/6604","targetHints":{"allow":["GET"]}}],"collection":[{"href":"https:\/\/iesataulfoargenta.es\/wp\/wp-json\/wp\/v2\/pages"}],"about":[{"href":"https:\/\/iesataulfoargenta.es\/wp\/wp-json\/wp\/v2\/types\/page"}],"author":[{"embeddable":true,"href":"https:\/\/iesataulfoargenta.es\/wp\/wp-json\/wp\/v2\/users\/1"}],"replies":[{"embeddable":true,"href":"https:\/\/iesataulfoargenta.es\/wp\/wp-json\/wp\/v2\/comments?post=6604"}],"version-history":[{"count":3,"href":"https:\/\/iesataulfoargenta.es\/wp\/wp-json\/wp\/v2\/pages\/6604\/revisions"}],"predecessor-version":[{"id":6838,"href":"https:\/\/iesataulfoargenta.es\/wp\/wp-json\/wp\/v2\/pages\/6604\/revisions\/6838"}],"wp:attachment":[{"href":"https:\/\/iesataulfoargenta.es\/wp\/wp-json\/wp\/v2\/media?parent=6604"}],"curies":[{"name":"wp","href":"https:\/\/api.w.org\/{rel}","templated":true}]}}